{"id":3,"date":"2022-11-06T17:19:53","date_gmt":"2022-11-06T17:19:53","guid":{"rendered":"https:\/\/notaria12tepeji.com\/wordpress\/?page_id=3"},"modified":"2023-03-23T19:25:28","modified_gmt":"2023-03-23T19:25:28","slug":"privacy-policy","status":"publish","type":"page","link":"https:\/\/notaria12tepeji.com\/index.php\/privacy-policy\/","title":{"rendered":"Aviso de Privacidad"},"content":{"rendered":"<section class=\"wpb-content-wrapper\"><p>[vc_row][vc_column][vc_column_text]<\/p>\n<p class=\"CDt4Ke zfr3Q\" dir=\"ltr\">La protecci\u00f3n de sus datos personales es muy importante para esta Notar\u00eda, raz\u00f3n por la cual, este AVISO DE PRIVACIDAD, elaborado para dar cumplimiento a la\u00a0<strong>LEY FEDERAL DE PROTECCION DE DATOS PERSONALES EN POSESION DE LOS PARTICULARES<\/strong>, tiene como fin informarle el tipo de datos personales que recabamos de<strong>\u00a0<\/strong>Usted, c\u00f3mo los usamos, manejamos y aprovechamos y con qui\u00e9n los compartimos.<\/p>\n<h5 class=\"CDt4Ke zfr3Q wp-block-heading\" dir=\"ltr\"><strong>\u00bfQu\u00e9 datos personales recabamos de usted?<\/strong><\/h5>\n<p class=\"CDt4Ke zfr3Q\" dir=\"ltr\">Como cliente de alguno de nuestros servicios, le podemos solicitar<strong>\u00a0<\/strong>informaci\u00f3n personal, que var\u00eda seg\u00fan el caso, relativa a: su nombre, direcci\u00f3n, fecha de nacimiento, lugar de<strong>\u00a0<\/strong>nacimiento, estado civil, ocupaci\u00f3n, CURP y RFC, su correo electr\u00f3nico y n\u00famero telef\u00f3nico, sus datos patrimoniales,<strong>\u00a0<\/strong>como cuentas bancarias, cr\u00e9ditos, bienes muebles e inmuebles, activos, pasivos, entre otros; informaci\u00f3n sobre su<strong>\u00a0<\/strong>c\u00f3nyuge, herederos, legatarios y beneficiarios; comprobantes oficiales que acrediten su identidad y la informaci\u00f3n que<strong>\u00a0<\/strong>Usted declara.<\/p>\n<h5 class=\"CDt4Ke zfr3Q\" dir=\"ltr\"><strong>\u00bfPara qu\u00e9 usamos sus datos personales?<\/strong><\/h5>\n<p class=\"CDt4Ke zfr3Q\" dir=\"ltr\">Estas Notar\u00edas recaban y usan sus datos personales para el<strong>\u00a0<\/strong>cumplimiento de las siguientes finalidades: confirmar su identidad; entender y atender sus necesidades de car\u00e1cter<strong>\u00a0<\/strong>legal en materia notarial; otorgar seguridad y certeza jur\u00eddica a los hechos y actos que celebra, como pueden ser<strong>\u00a0<\/strong>operaciones traslativas de dominio relativas a compraventas, donaciones, permutas, adjudicaciones por herencia,<strong>\u00a0<\/strong>adjudicaciones por remate, fideicomisos, constituciones de reg\u00edmenes de propiedad en condominio, testamentos,<strong>\u00a0<\/strong>tr\u00e1mites sucesorios, hipotecas, cancelaciones de hipotecas, ratificaciones de firmas, fes de hechos, cotejo de<strong>\u00a0<\/strong>documentos, entre otros; elaborar los instrumentos notariales de su inter\u00e9s; brindarle asesor\u00eda legal; cumplir con losrequerimientos legales que le son aplicables y verificar la informaci\u00f3n que nos proporciona<\/p>\n<h5 class=\"CDt4Ke zfr3Q\" dir=\"ltr\"><strong>\u00bfCon qui\u00e9n compartimos su informaci\u00f3n y para qu\u00e9 fines?<\/strong><\/h5>\n<p class=\"CDt4Ke zfr3Q\" dir=\"ltr\">Sus datos personales s\u00f3lo son tratados por el personal adscrito a estas Notar\u00edas a efecto de elaborar los instrumentos p\u00fablicos notariales que Usted solicita, por lo cual, sus datos personales no se transfieren a ning\u00fan tercero ajeno a ellas, salvo para el cumplimiento de obligaciones legales ante las autoridades administrativas y judiciales competentes, tales como los registros p\u00fablicos, las autoridades tributarias, as\u00ed como las autoridades judiciales.<\/p>\n<h5 class=\"CDt4Ke zfr3Q\" dir=\"ltr\"><strong>\u00bfC\u00f3mo puede limitar el uso o divulgaci\u00f3n de su informaci\u00f3n personal?<\/strong><\/h5>\n<p class=\"CDt4Ke zfr3Q\" dir=\"ltr\">Usted puede limitar el uso y divulgaci\u00f3n de su informaci\u00f3n personal a trav\u00e9s de los siguientes medios que hemos instrumentado: presentando su solicitud personalmente en nuestro domicilio dirigida a la persona encargada de la privacidad en esta oficina, o enviando correo electr\u00f3nico a la siguiente direcci\u00f3n electr\u00f3nica:\u00a0<a href=\"mailto:privacidad@notaria12tepeji.com\">privacidad@<\/a><a href=\"mailto:privacidad@notaria12tepeji.com\">notaria12tepeji.com<\/a>; sin embargo se debe destacar que no puede limitar el uso o divulgaci\u00f3n de su informaci\u00f3n personal asentada en los instrumentos notariales, cuando sea necesario dar cumplimiento a obligaciones legales o a solicitudes de autoridades competentes.<\/p>\n<h5 class=\"CDt4Ke zfr3Q\" dir=\"ltr\"><strong>\u00bfC\u00f3mo acceder, rectificar, cancelar u oponerse al tratamiento de sus datos personales?<\/strong><\/h5>\n<p class=\"CDt4Ke zfr3Q\" dir=\"ltr\">El ejercicio de los derechos de acceso, rectificaci\u00f3n, cancelaci\u00f3n y oposici\u00f3n o la revocaci\u00f3n del consentimiento, podr\u00e1n efectuarse<\/p>\n<p class=\"CDt4Ke zfr3Q\" dir=\"ltr\">presentado solicitud por escrito en nuestro domicilio dirigida a la persona encargada de la privacidad en esta oficina o v\u00eda correo electr\u00f3nico:<a href=\"mailto:privacidad@notaria12tepeji.com\">privacidad@<\/a><a href=\"mailto:privacidad@notaria12tepeji.com\">notaria12tepeji.com<\/a>; en el entendido de que una vez plasmados en un instrumento notarial, no podr\u00e1 Usted ejercer sobre ellos ninguno de los referidos derechos, pudiendo hacerlo solamente respecto de los que se conservan en la base de datos de las Notar\u00edas.<\/p>\n<h5 class=\"CDt4Ke zfr3Q\" dir=\"ltr\"><strong>\u00bfC\u00f3mo conocer los cambios al presente aviso de privacidad?<\/strong><\/h5>\n<p class=\"CDt4Ke zfr3Q\" dir=\"ltr\">El presente aviso de privacidad puede sufrir modificaciones, cambios o actualizaciones por lo cual nos comprometemos a mantenerlo informado de tal situaci\u00f3n, en nuestras oficinas, as\u00ed como en nuestra p\u00e1gina web.<\/p>\n<h5 class=\"CDt4Ke zfr3Q\" dir=\"ltr\"><strong>\u00bfC\u00f3mo contactarnos?<\/strong><\/h5>\n<p class=\"CDt4Ke zfr3Q\" dir=\"ltr\">Si tiene alguna duda sobre el presente aviso de privacidad, puede contactarnos a la direcci\u00f3n electr\u00f3nica:\u00a0<a href=\"mailto:privacidad@notaria12tepeji.com\">privacidad@<\/a><a href=\"mailto:privacidad@notaria12tepeji.com\">notaria12tepeji.com<\/a><\/p>\n<p class=\"CDt4Ke zfr3Q\" dir=\"ltr\">Actualizaciones del Aviso de Privacidad<\/p>\n<h3 class=\"CDt4Ke zfr3Q\" dir=\"ltr\">\u00daltima revisi\u00f3n: Marzo 2023<\/h3>\n<p>[\/vc_column_text][\/vc_column][\/vc_row]<\/p>\n<\/section>","protected":false},"excerpt":{"rendered":"<p>[vc_row][vc_column][vc_column_text] La protecci\u00f3n de sus datos personales es muy importante para esta Notar\u00eda, raz\u00f3n por la cual, este AVISO DE PRIVACIDAD, elaborado para dar cumplimiento a la\u00a0LEY FEDERAL DE PROTECCION DE DATOS PERSONALES EN POSESION DE LOS PARTICULARES, tiene como fin informarle el tipo de datos personales que recabamos de\u00a0Usted, c\u00f3mo los usamos, manejamos y [&hellip;]<\/p>\n","protected":false},"author":1,"featured_media":0,"parent":0,"menu_order":0,"comment_status":"closed","ping_status":"closed","template":"","meta":{"_monsterinsights_skip_tracking":false,"_monsterinsights_sitenote_active":false,"_monsterinsights_sitenote_note":"","_monsterinsights_sitenote_category":0,"footnotes":""},"class_list":["post-3","page","type-page","status-publish","hentry"],"acf":[],"yoast_head":"<!-- This site is optimized with the Yoast SEO plugin v25.6 - https:\/\/yoast.com\/wordpress\/plugins\/seo\/ -->\n<title>Aviso de Privacidad - Notar\u00eda No.12<\/title>\n<meta name=\"robots\" content=\"noindex, follow, max-snippet:-1, max-image-preview:large, max-video-preview:-1\" \/>\n<meta property=\"og:locale\" content=\"es_ES\" \/>\n<meta property=\"og:type\" content=\"article\" \/>\n<meta property=\"og:title\" content=\"Aviso de Privacidad - Notar\u00eda No.12\" \/>\n<meta property=\"og:description\" content=\"[vc_row][vc_column][vc_column_text] La protecci\u00f3n de sus datos personales es muy importante para esta Notar\u00eda, raz\u00f3n por la cual, este AVISO DE PRIVACIDAD, elaborado para dar cumplimiento a la\u00a0LEY FEDERAL DE PROTECCION DE DATOS PERSONALES EN POSESION DE LOS PARTICULARES, tiene como fin informarle el tipo de datos personales que recabamos de\u00a0Usted, c\u00f3mo los usamos, manejamos y [&hellip;]\" \/>\n<meta property=\"og:url\" content=\"https:\/\/notaria12tepeji.com\/index.php\/privacy-policy\/\" \/>\n<meta property=\"og:site_name\" content=\"Notar\u00eda No.12\" \/>\n<meta property=\"article:modified_time\" content=\"2023-03-23T19:25:28+00:00\" \/>\n<meta name=\"twitter:card\" content=\"summary_large_image\" \/>\n<meta name=\"twitter:label1\" content=\"Tiempo de lectura\" \/>\n\t<meta name=\"twitter:data1\" content=\"3 minutos\" \/>\n<script type=\"application\/ld+json\" class=\"yoast-schema-graph\">{\"@context\":\"https:\/\/schema.org\",\"@graph\":[{\"@type\":\"WebPage\",\"@id\":\"https:\/\/notaria12tepeji.com\/index.php\/privacy-policy\/\",\"url\":\"https:\/\/notaria12tepeji.com\/index.php\/privacy-policy\/\",\"name\":\"Aviso de Privacidad - Notar\u00eda No.12\",\"isPartOf\":{\"@id\":\"https:\/\/notaria12tepeji.com\/#website\"},\"datePublished\":\"2022-11-06T17:19:53+00:00\",\"dateModified\":\"2023-03-23T19:25:28+00:00\",\"breadcrumb\":{\"@id\":\"https:\/\/notaria12tepeji.com\/index.php\/privacy-policy\/#breadcrumb\"},\"inLanguage\":\"es\",\"potentialAction\":[{\"@type\":\"ReadAction\",\"target\":[\"https:\/\/notaria12tepeji.com\/index.php\/privacy-policy\/\"]}]},{\"@type\":\"BreadcrumbList\",\"@id\":\"https:\/\/notaria12tepeji.com\/index.php\/privacy-policy\/#breadcrumb\",\"itemListElement\":[{\"@type\":\"ListItem\",\"position\":1,\"name\":\"Portada\",\"item\":\"https:\/\/notaria12tepeji.com\/\"},{\"@type\":\"ListItem\",\"position\":2,\"name\":\"Aviso de Privacidad\"}]},{\"@type\":\"WebSite\",\"@id\":\"https:\/\/notaria12tepeji.com\/#website\",\"url\":\"https:\/\/notaria12tepeji.com\/\",\"name\":\"Notar\u00eda No.12\",\"description\":\"Servicios Notariales desde el 2010\",\"potentialAction\":[{\"@type\":\"SearchAction\",\"target\":{\"@type\":\"EntryPoint\",\"urlTemplate\":\"https:\/\/notaria12tepeji.com\/?s={search_term_string}\"},\"query-input\":{\"@type\":\"PropertyValueSpecification\",\"valueRequired\":true,\"valueName\":\"search_term_string\"}}],\"inLanguage\":\"es\"}]}<\/script>\n<!-- \/ Yoast SEO plugin. -->","yoast_head_json":{"title":"Aviso de Privacidad - Notar\u00eda No.12","robots":{"index":"noindex","follow":"follow","max-snippet":"max-snippet:-1","max-image-preview":"max-image-preview:large","max-video-preview":"max-video-preview:-1"},"og_locale":"es_ES","og_type":"article","og_title":"Aviso de Privacidad - Notar\u00eda No.12","og_description":"[vc_row][vc_column][vc_column_text] La protecci\u00f3n de sus datos personales es muy importante para esta Notar\u00eda, raz\u00f3n por la cual, este AVISO DE PRIVACIDAD, elaborado para dar cumplimiento a la\u00a0LEY FEDERAL DE PROTECCION DE DATOS PERSONALES EN POSESION DE LOS PARTICULARES, tiene como fin informarle el tipo de datos personales que recabamos de\u00a0Usted, c\u00f3mo los usamos, manejamos y [&hellip;]","og_url":"https:\/\/notaria12tepeji.com\/index.php\/privacy-policy\/","og_site_name":"Notar\u00eda No.12","article_modified_time":"2023-03-23T19:25:28+00:00","twitter_card":"summary_large_image","twitter_misc":{"Tiempo de lectura":"3 minutos"},"schema":{"@context":"https:\/\/schema.org","@graph":[{"@type":"WebPage","@id":"https:\/\/notaria12tepeji.com\/index.php\/privacy-policy\/","url":"https:\/\/notaria12tepeji.com\/index.php\/privacy-policy\/","name":"Aviso de Privacidad - Notar\u00eda No.12","isPartOf":{"@id":"https:\/\/notaria12tepeji.com\/#website"},"datePublished":"2022-11-06T17:19:53+00:00","dateModified":"2023-03-23T19:25:28+00:00","breadcrumb":{"@id":"https:\/\/notaria12tepeji.com\/index.php\/privacy-policy\/#breadcrumb"},"inLanguage":"es","potentialAction":[{"@type":"ReadAction","target":["https:\/\/notaria12tepeji.com\/index.php\/privacy-policy\/"]}]},{"@type":"BreadcrumbList","@id":"https:\/\/notaria12tepeji.com\/index.php\/privacy-policy\/#breadcrumb","itemListElement":[{"@type":"ListItem","position":1,"name":"Portada","item":"https:\/\/notaria12tepeji.com\/"},{"@type":"ListItem","position":2,"name":"Aviso de Privacidad"}]},{"@type":"WebSite","@id":"https:\/\/notaria12tepeji.com\/#website","url":"https:\/\/notaria12tepeji.com\/","name":"Notar\u00eda No.12","description":"Servicios Notariales desde el 2010","potentialAction":[{"@type":"SearchAction","target":{"@type":"EntryPoint","urlTemplate":"https:\/\/notaria12tepeji.com\/?s={search_term_string}"},"query-input":{"@type":"PropertyValueSpecification","valueRequired":true,"valueName":"search_term_string"}}],"inLanguage":"es"}]}},"jetpack_sharing_enabled":true,"_links":{"self":[{"href":"https:\/\/notaria12tepeji.com\/index.php\/wp-json\/wp\/v2\/pages\/3","targetHints":{"allow":["GET"]}}],"collection":[{"href":"https:\/\/notaria12tepeji.com\/index.php\/wp-json\/wp\/v2\/pages"}],"about":[{"href":"https:\/\/notaria12tepeji.com\/index.php\/wp-json\/wp\/v2\/types\/page"}],"author":[{"embeddable":true,"href":"https:\/\/notaria12tepeji.com\/index.php\/wp-json\/wp\/v2\/users\/1"}],"replies":[{"embeddable":true,"href":"https:\/\/notaria12tepeji.com\/index.php\/wp-json\/wp\/v2\/comments?post=3"}],"version-history":[{"count":7,"href":"https:\/\/notaria12tepeji.com\/index.php\/wp-json\/wp\/v2\/pages\/3\/revisions"}],"predecessor-version":[{"id":685,"href":"https:\/\/notaria12tepeji.com\/index.php\/wp-json\/wp\/v2\/pages\/3\/revisions\/685"}],"wp:attachment":[{"href":"https:\/\/notaria12tepeji.com\/index.php\/wp-json\/wp\/v2\/media?parent=3"}],"curies":[{"name":"wp","href":"https:\/\/api.w.org\/{rel}","templated":true}]}}